{"id":7064,"date":"2022-12-15T03:34:38","date_gmt":"2022-12-15T03:34:38","guid":{"rendered":"https:\/\/quriogroup.com\/?page_id=7064"},"modified":"2023-10-06T23:02:20","modified_gmt":"2023-10-06T23:02:20","slug":"aviso-de-privacidad-terminos-y-condiciones","status":"publish","type":"page","link":"https:\/\/quriogroup.com\/inicio\/aviso-de-privacidad-terminos-y-condiciones\/","title":{"rendered":"Aviso de privacidad, T\u00e9rminos y Condiciones"},"content":{"rendered":"\t\t<div data-elementor-type=\"wp-page\" data-elementor-id=\"7064\" class=\"elementor elementor-7064\" data-elementor-post-type=\"page\">\n\t\t\t\t\t\t<section class=\"elementor-section elementor-top-section elementor-element elementor-element-0541a7b ot-layout_block elementor-section-boxed elementor-section-height-default elementor-section-height-default\" data-id=\"0541a7b\" data-element_type=\"section\" data-e-type=\"section\">\n\t\t\t\t\t\t<div class=\"elementor-container elementor-column-gap-default\">\n\t\t\t\t\t<div class=\"elementor-column elementor-col-100 elementor-top-column elementor-element elementor-element-06fe833 ot-flex-column-vertical\" data-id=\"06fe833\" data-element_type=\"column\" data-e-type=\"column\">\n\t\t\t<div class=\"elementor-widget-wrap elementor-element-populated\">\n\t\t\t\t\t\t<div class=\"elementor-element elementor-element-ee56f5d elementor-widget elementor-widget-iheading\" data-id=\"ee56f5d\" data-element_type=\"widget\" data-e-type=\"widget\" data-widget_type=\"iheading.default\">\n\t\t\t\t<div class=\"elementor-widget-container\">\n\t\t\t\t\t\t\t<div class=\"ot-heading\">\r\n\t        \t            <span>Aviso de privacidad, T\u00e9rminos y Condiciones<\/span>\r\n\t        <h2 class=\"main-heading\">Legales<\/h2>\t    <\/div>\r\n\t    \t\t\t\t<\/div>\n\t\t\t\t<\/div>\n\t\t\t\t\t<\/div>\n\t\t<\/div>\n\t\t\t\t\t<\/div>\n\t\t<\/section>\n\t\t\t\t<section class=\"elementor-section elementor-top-section elementor-element elementor-element-6db6978 ot-traditional elementor-section-boxed elementor-section-height-default elementor-section-height-default\" data-id=\"6db6978\" data-element_type=\"section\" data-e-type=\"section\">\n\t\t\t\t\t\t<div class=\"elementor-container elementor-column-gap-default\">\n\t\t\t\t\t<div class=\"elementor-column elementor-col-100 elementor-top-column elementor-element elementor-element-1a310ca ot-flex-column-vertical\" data-id=\"1a310ca\" data-element_type=\"column\" data-e-type=\"column\">\n\t\t\t<div class=\"elementor-widget-wrap elementor-element-populated\">\n\t\t\t\t\t\t<div class=\"elementor-element elementor-element-a5a2801 elementor-widget elementor-widget-text-editor\" data-id=\"a5a2801\" data-element_type=\"widget\" data-e-type=\"widget\" data-widget_type=\"text-editor.default\">\n\t\t\t\t<div class=\"elementor-widget-container\">\n\t\t\t\t\t\t\t\t\t<p style=\"text-align: center;\"><span style=\"font-family: Montserrat; color: var( --e-global-color-text ); font-weight: var( --e-global-typography-text-font-weight );\">Pol\u00edtica de privacidad de Quriogroup.com<\/span><span style=\"font-family: Montserrat; color: var( --e-global-color-text ); font-weight: var( --e-global-typography-text-font-weight );\">\u00a0 \u00a0 \u00a0\u00a0<\/span><\/p><p style=\"text-align: center;\"><span style=\"font-weight: 400;\">\u00daltima actualizaci\u00f3n octubre 2023<\/span><\/p><p style=\"text-align: justify;\">\u00a0<\/p><p><span style=\"font-weight: 400;\">CON FUNDAMENTO EN LOS ART\u00cdCULOS 15\u00b0 Y 16\u00b0 DE LA LEY FEDERAL DE PROTECCI\u00d3N DE DATOS PERSONALES EN POSESI\u00d3N DE<\/span><b> \u201cConsejo de L\u00edderes en Innovaci\u00f3n\u201d .<\/b><span style=\"font-weight: 400;\"> QUE EN LO SUCESIVO Y PARA EFECTOS DEL PRESENTE AVISO, SE DENOMINAR\u00c1 COMO \u201c<\/span><b>QURIO\u201d<\/b><span style=\"font-weight: 400;\"> (MARCA COMERCIAL) CON DOMICILIO EN CIUDAD DE M\u00c9XICO; HACE DE SU CONOCIMIENTO QUE LOS DATOS PERSONALES CON LOS QUE CUENTA ESTA EMPRESA, INCLUSIVE LOS SENSIBLES, SON RESPONSABILIDAD DE \u201c<\/span><b>QURIO\u201d <\/b><span style=\"font-weight: 400;\">EN LO RELATIVO A SU USO, PROTECCI\u00d3N Y TRATAMIENTO, ESTO ATENDIENDO PUNTUALMENTE A LO PREVISTO EN LA LEY DE PROTECCI\u00d3N DE DATOS PERSONALES EN POSESI\u00d3N DE LOS PARTICULARES DE LA CIUDAD DE M\u00c9XICO, EN LO SUBSECUENTE \u201cLA LEY\u201d.<\/span><\/p><p style=\"text-align: justify;\">\u00a0<\/p><p><span style=\"font-weight: 400;\">EN CASO DE NO OPONERSE A ESTE ACTO, SE ENTIENDE QUE EXISTE UN CONSENTIMIENTO EXPRESO PARA SU TRATAMIENTO, EN LOS T\u00c9RMINOS CITADOS EN EL PRESENTE AVISO DE PRIVACIDAD. <\/span><span style=\"color: #ff0000;\"><b>\u201cQURIO GROUP\u201d <\/b><b>PROTESTA NO TRANSMITIR SUS DATOS PERSONALES A PERSONA F\u00cdSICA O JUR\u00cdDICO COLECTIVA ALGUNA QUE SEA AJENA A LA EMPRESA SIN SU CONSENTIMIENTO EXPRESO<\/b><b>;<\/b><\/span><span style=\"font-weight: 400;\"> NOTIFIC\u00c1NDOSE EN SU CASO, QU\u00c9 DATOS SER\u00c1N TRANSMITIDOS, CUAL ES EL OBJETO DE DICHO TR\u00c1MITE Y QUI\u00c9N ES EL DESTINATARIO.\u00a0<\/span><\/p><p style=\"text-align: justify;\">\u00a0<\/p><p><b>\u00bfPARA QU\u00c9 FINES SE RECABAR\u00c1N SUS DATOS PERSONALES?<\/b><\/p><p style=\"text-align: justify;\">\u00a0<\/p><p><span style=\"font-weight: 400;\">LOS DATOS PERSONALES QUE RECABAMOS DE USTED, LOS UTILIZAREMOS PARA LA PRESTACI\u00d3N DE LOS SERVICIOS QUE OFRECEMOS, SIENDO LOS SIGUIENTES:\u00a0<\/span><\/p><p style=\"text-align: justify;\">\u00a0<\/p><p><span style=\"font-weight: 400;\">LA CAPACITACI\u00d3N DEL PERSONAL EN \u00c1REAS ESTRICTAMENTE RELACIONADAS Y LA CELEBRACI\u00d3N DE TODOS LOS ACTOS Y CONTRATOS CIVILES, MERCANTILES O DEL TRABAJO QUE SE RELACIONEN DIRECTA O INDIRECTAMENTE CON EL OBJETO SOCIAL DE LA EMPRESA, EJECUCI\u00d3N DE PROYECTOS PUBLICITARIOS Y LAS TAREAS RELACIONADAS CON LA CONTRATACI\u00d3N, INTERMEDIACI\u00d3N Y DIFUSI\u00d3N DE MENSAJES PUBLICITARIOS EN CUALQUIERA DE SUS MODALIDADES POSIBLES, A TRAV\u00c9S DE CUALQUIER MEDIO DE COMUNICACI\u00d3N SOCIAL, REALIZACI\u00d3N DE ACTIVIDADES RELACIONADAS, DIRECTA O INDIRECTAMENTE, CON EL MARKETING.\u00a0<\/span><\/p><p><span style=\"font-weight: 400;\">AN\u00c1LISIS Y CALIFICACI\u00d3N DE PARTICIPACI\u00d3N PARA EL PREMIO QURIO A LA INNOVACI\u00d3N 2023, AS\u00cd COMO EL USO DE INFORMACI\u00d3N PARA LA DIFUSI\u00d3N DE PR\u00d3XIMAS CONVOCATORIAS.\u00a0<\/span><\/p><p style=\"text-align: justify;\">\u00a0<\/p><p><span style=\"font-weight: 400;\">LOS DATOS PERSONALES RECABADOS DE LAS FINALISTAS Y GANADORAS LOS UTILIZAREMOS PARA:\u00a0<\/span><\/p><p style=\"text-align: justify;\">\u00a0<\/p><p><span style=\"font-weight: 400;\">GENERACI\u00d3N DE CONTENIDO PARA LA PARTICIPACI\u00d3N EN REVISTA, GACETAS, PERI\u00d3DICOS Y PUBLICACIONES REALIZADAS POR QURIO Y SU EQUIPO DE COMUNICACI\u00d3N. ESTE \u00daLTIMO CONTENIDO RESPETAR\u00c1 EN TODO MOMENTO LOS <strong>ACUERDOS PRESENTES E INFORMADOS EN DOCUMENTOS DE SOLICITUD DE INFORMACI\u00d3N Y DOCUMENTACI\u00d3N, LOS CUALES SE REDACTAN E INCLUYEN EN EL MANUAL DE CADA DOCUMENTO<\/strong>.\u00a0<\/span><\/p><p><span style=\"font-weight: 400;\">DE MANERA ADICIONAL, UTILIZAREMOS SU INFORMACI\u00d3N PERSONAL PARA LAS SIGUIENTES FINALIDADES QUE NO SON NECESARIAS PARA EL SERVICIO SOLICITADO, PERO QUE NOS PERMITEN Y FACILITAN BRINDARLE UNA MEJOR ATENCI\u00d3N:<\/span><\/p><p style=\"text-align: justify;\">\u00a0<\/p><p><b>DE CLIENTES:<\/b><\/p><p style=\"text-align: justify;\">\u00a0<\/p><ul><li><span style=\"font-weight: 400;\"> \u00a0 PARA FACTURACI\u00d3N<\/span><\/li><li><span style=\"font-weight: 400;\"> \u00a0 OFRECIMIENTO DE SERVICIOS<\/span><\/li><li><span style=\"font-weight: 400;\"> \u00a0 CONTROL DE CALIDAD<\/span><\/li><li><span style=\"font-weight: 400;\"> \u00a0 EN EL CASO DE EXISTIR DUDAS EN SU EXPEDIENTE O INFORMACI\u00d3N<\/span><\/li><li><span style=\"font-weight: 400;\"> \u00a0 EN CASO DE CONFIRMACI\u00d3N DE CAMBIOS EN SU INFORMACI\u00d3N O CONTRATO AUTORIZADO<\/span><\/li><li><span style=\"font-weight: 400;\"> \u00a0 PARA REALIZAR TRANSFERENCIAS BANCARIAS<\/span><\/li><li><span style=\"font-weight: 400;\"> \u00a0 PARA SOPORTAR LA LEGITIMIDAD DE LA OPERACI\u00d3N<\/span><\/li><li><span style=\"font-weight: 400;\"> \u00a0 PARA CREAR EXPEDIENTE<\/span><\/li><\/ul><p style=\"text-align: justify;\">\u00a0<\/p><p><span style=\"font-weight: 400;\">SUS DATOS PERSONALES SER\u00c1N TRATADOS \u00daNICAMENTE POR EL TIEMPO NECESARIO A FIN DE CUMPLIR CON LAS FINALIDADES DESCRITAS Y\/O DE CONFORMIDAD CON LO QUE ESTABLEZCAN LAS DISPOSICIONES LEGALES APLICABLES.<\/span><\/p><p style=\"text-align: justify;\"><br \/><br \/><\/p><p><b>\u00bfQU\u00c9 DATOS PERSONALES SE RECABAR\u00c1N?<\/b><\/p><p style=\"text-align: justify;\">\u00a0<\/p><p><span style=\"font-weight: 400;\">DEPENDIENDO ESPEC\u00cdFICAMENTE DEL TR\u00c1MITE A REALIZAR, SE UTILIZAR\u00c1N, LOS SIGUIENTES DATOS:<\/span><\/p><p style=\"text-align: justify;\">\u00a0<\/p><ul><li><b>DATOS DE IDENTIFICACI\u00d3N<\/b><span style=\"font-weight: 400;\">: TALES COMO NOMBRE, ESTADO CIVIL, FIRMA AUT\u00d3GRAFA Y ELECTR\u00d3NICA, REGISTRO FEDERAL DE CONTRIBUYENTES (RFC), CLAVE \u00daNICA DE REGISTRO DE POBLACI\u00d3N (CURP), N\u00daMERO DE SEGURIDAD SOCIAL, NACIONALIDAD, FECHA DE NACIMIENTO, DATOS CONTENIDOS EN ACTA DE NACIMIENTO, ACTA CONSTITUTIVA, DATOS FAMILIARES, FOTOGRAF\u00cdAS, IM\u00c1GENES Y VOZ.\u00a0<\/span><\/li><\/ul><p style=\"text-align: justify;\">\u00a0<\/p><ul><li><b> <\/b><b>DATOS DE CONTACTO<\/b><b>:<\/b><span style=\"font-weight: 400;\"> TALES COMO DOMICILIO, N\u00daMEROS TELEF\u00d3NICOS FIJOS O CELULARES, CORREOS ELECTR\u00d3NICOS DE \u00cdNDOLE PARTICULAR Y CORREOS CORPORATIVOS;<\/span><\/li><\/ul><p style=\"text-align: justify;\">\u00a0<\/p><p><b>\u00bfCON QUI\u00c9N COMPARTIMOS SU INFORMACI\u00d3N PERSONAL Y PARA QU\u00c9 FINES?<\/b><\/p><p style=\"text-align: justify;\">\u00a0<\/p><p><span style=\"font-weight: 400;\">LE INFORMAMOS QUE SUS DATOS PERSONALES SER\u00c1N COMPARTIDOS DENTRO DEL PA\u00cdS CON LAS SIGUIENTES PERSONAS; EMPRESAS, ORGANIZACIONES Y AUTORIDADES DISTINTAS A NOSOTROS, PARA LA REALIZACI\u00d3N DE REVISTA, CASO DE \u00c9XITO, PREMIACI\u00d3N, E INFORMACI\u00d3N MERAMENTE <\/span><b>P\u00daBLICA<\/b><span style=\"font-weight: 400;\"> A LAS \u00c1REAS DE <\/span><span style=\"color: #ff0000;\"><b>ADMINISTRACI\u00d3N, PRODUCCI\u00d3N DE SERVICIOS MULTIMEDIA, DISE\u00d1O GR\u00c1FICO EDITORIAL, PRODUCCI\u00d3N DE AUDIO Y VIDEO, <\/b><b><i>DIGITAL PUBLISHING<\/i><\/b><b>, FOTOGRAF\u00cdA COMERCIAL Y PUBLICITARIA, DISE\u00d1O Y PROGRAMACI\u00d3N WEB, DESARROLLO DE APLICACIONES M\u00d3VILES Y <\/b><b><i>SOCIAL MEDIA MARKETING<\/i><\/b><i><span style=\"font-weight: 400;\">, <\/span><\/i><b>ENTRE OTRAS QUE AS\u00cd SE REQUIERA PARA LA CORRECTA DIFUSI\u00d3N DEL PREMIO QURIO A LA INNOVACI\u00d3N.<\/b><\/span><\/p><p style=\"text-align: justify;\">\u00a0<\/p><p><span style=\"font-weight: 400;\">LE INFORMAMOS QUE PARA LAS TRANSFERENCIAS INDICADAS EN EL P\u00c1RRAFO ANTERIOR REQUERIMOS OBTENER SU CONSENTIMIENTO. <\/span><b>SI USTED NO MANIFIESTA SU NEGATIVA PARA DICHAS TRANSFERENCIAS, ENTENDEREMOS QUE NOS LO HA OTORGADO.\u00a0<\/b><\/p><p style=\"text-align: justify;\">\u00a0<\/p><p><b>\u00bfC\u00d3MO PUEDE ACCEDER, RECTIFICAR O CANCELAR SUS DATOS PERSONALES, U OPONERSE A SU USO?<\/b><\/p><p style=\"text-align: justify;\">\u00a0<\/p><p><span style=\"font-weight: 400;\">EL TITULAR PODR\u00c1 EJERCER EN LOS T\u00c9RMINOS PREVISTOS POR \u201cLA LEY\u201d SU DERECHO DE ACCESO, RECTIFICACI\u00d3N, CANCELACI\u00d3N U OPOSICI\u00d3N, REALIZANDO CUANTAS SOLICITUDES REQUIERA, MISMAS QUE <\/span><b>\u201cQURIO<\/b><span style=\"font-weight: 400;\">\u201d ATENDER\u00c1 RESPECTO DEL ACCESO, RECTIFICACI\u00d3N, CANCELACI\u00d3N U OPOSICI\u00d3N AL DE SU CONSENTIMIENTO PARA DAR TRATAMIENTO, USO O DIVULGAR SUS DATOS PERSONALES.\u00a0<\/span><\/p><p style=\"text-align: justify;\">\u00a0<\/p><p><span style=\"font-weight: 400;\">ES IMPORTANTE CONSIDERAR QUE NO EN TODOS LOS CASOS SE PODR\u00c1 ATENDER Y\/O CONCLUIR DICHA SOLICITUD DE FORMA INMEDIATA, YA QUE ES POSIBLE QUE POR ALGUNA OBLIGACI\u00d3N LEGAL O ADMINISTRATIVA REQUIRAMOS SEGUIR TRATANDO SUS DATOS PERSONALES, POR LO QUE DICHA SOLICITUD DEBER\u00c1 SER REALIZADA DE FORMA DIGITAL MEDIANTE CORREO ELECTR\u00d3NICO QUE SE SIRVA ENVIAR AL DEPARTAMENTO DE PRIVACIDAD EN LA CUENTA.<\/span><\/p><p style=\"text-align: justify;\">\u00a0<\/p><p><span style=\"font-weight: 400;\">AUNADO A ESTO, EL TITULAR DE LOS DATOS DEBE CONSIDERAR QUE ESTA ACCI\u00d3N PUEDE IMPLICAR QUE NO SE PODR\u00c1 SEGUIR PRESTANDO EL SERVICIO SOLICITADO O CONCLUIR EL TR\u00c1MITE QUE EL TITULAR HA INICIADO CON \u201c<\/span><b>QURIO<\/b><span style=\"font-weight: 400;\">\u201d<\/span><\/p><p style=\"text-align: justify;\">\u00a0<\/p><p><span style=\"font-weight: 400;\">LA CONFIDENCIALIDAD DE LOS DATOS EST\u00c1 GARANTIZADA Y LOS MISMOS EST\u00c1N PROTEGIDOS POR MEDIDAS DE SEGURIDAD ADMINISTRATIVAS, T\u00c9CNICAS Y F\u00cdSICAS, PARA EVITAR SU DA\u00d1O, P\u00c9RDIDA, ALTERACI\u00d3N, DESTRUCCI\u00d3N, USO, ACCESO O DIVULGACI\u00d3N INDEBIDA.<\/span><\/p><p style=\"text-align: justify;\">\u00a0<\/p><p><span style=\"font-weight: 400;\">\u00daNICAMENTE LAS PERSONAS AUTORIZADAS TENDR\u00c1N ACCESO A SUS DATOS. PARA REALIZAR CUALQUIERA DE ESTOS PROCEDIMIENTOS, AS\u00cd COMO RECIBIR ASESOR\u00cdA POR PARTE DE LA EMPRESA, EL TITULAR PODR\u00c1 PONERSE EN CONTACTO POR CORREO ELECTR\u00d3NICO.\u00a0<\/span><\/p><p style=\"text-align: justify;\">\u00a0<\/p><p><b>\u00bfC\u00d3MO PUEDE REVOCAR SU CONSENTIMIENTO PARA EL USO DE SUS DATOS PERSONALES?<\/b><\/p><p><span style=\"font-weight: 400;\">USTED PUEDE REVOCAR EL CONSENTIMIENTO QUE, EN SU CASO, NOS HAYA OTORGADO PARA EL TRATAMIENTO DE SUS DATOS PERSONALES.\u00a0<\/span><\/p><p><span style=\"font-weight: 400;\">SIN EMBARGO, ES IMPORTANTE QUE TENGA EN CUENTA QUE NO EN TODOS LOS CASOS PODREMOS ATENDER SU SOLICITUD O CONCLUIR EL USO DE FORMA INMEDIATA, YA QUE ES POSIBLE QUE POR ALGUNA OBLIGACI\u00d3N LEGAL REQUIRAMOS SEGUIR TRATANDO SUS DATOS PERSONALES. ASIMISMO, USTED DEBER\u00c1 CONSIDERAR QUE PARA CIERTOS FINES, LA REVOCACI\u00d3N DE SU CONSENTIMIENTO IMPLICAR\u00c1 QUE NO LE PODAMOS SEGUIR PRESTANDO EL SERVICIO QUE NOS SOLICIT\u00d3 O LA CONCLUSI\u00d3N DE SU RELACI\u00d3N CON NOSOTROS.<\/span><\/p><p style=\"text-align: justify;\">\u00a0<\/p><p><span style=\"font-weight: 400;\">PARA REVOCAR SU CONSENTIMIENTO DEBER\u00c1 PRESENTAR SU SOLICITUD A TRAV\u00c9S DE UN CORREO ELECTR\u00d3NICO.<\/span><\/p><p style=\"text-align: justify;\">\u00a0<\/p><p><span style=\"font-weight: 400;\">PARA CONOCER EL PROCEDIMIENTO Y REQUISITOS PARA LA REVOCACI\u00d3N DEL CONSENTIMIENTO, USTED PODR\u00c1 PONERSE EN CONTACTO CON NUESTRO DEPARTAMENTO DE PRIVACIDAD MEDIANTE EL CORREO ELECTR\u00d3NICO SIGUIENTE: <\/span><a href=\"mailto:ALEJANDRO.PRECIADO@QURIOGROUP.COM\"><span style=\"font-weight: 400;\">ALEJANDRO.PRECIADO@QURIOGROUP.COM<\/span><\/a><span style=\"font-weight: 400;\"> .<\/span><\/p><p><b>EL USO DE TECNOLOG\u00cdAS DE RASTREO EN NUESTRO PORTAL DE INTERNET<\/b><\/p><p><span style=\"font-weight: 400;\">LE INFORMAMOS QUE EN NUESTRA P\u00c1GINA DE INTERNET UTILIZAMOS\u00a0<\/span><i><span style=\"font-weight: 400;\">COOKIES<\/span><\/i><span style=\"font-weight: 400;\">,\u00a0<\/span><i><span style=\"font-weight: 400;\">WEB BEACONS<\/span><\/i><span style=\"font-weight: 400;\">\u00a0Y OTRAS TECNOLOG\u00cdAS A TRAV\u00c9S DE LAS CUALES ES POSIBLE MONITOREAR SU COMPORTAMIENTO COMO USUARIO DE INTERNET, AS\u00cd COMO BRINDARLE UN MEJOR SERVICIO Y EXPERIENCIA DE USUARIO AL NAVEGAR EN NUESTRA P\u00c1GINA.<\/span><\/p><p style=\"text-align: justify;\">\u00a0<\/p><p><span style=\"font-weight: 400;\">LOS DATOS PERSONALES QUE OBTENEMOS DE ESTAS TECNOLOG\u00cdAS DE RASTREO SON LOS SIGUIENTES: DOMICILIO, N\u00daMEROS TELEF\u00d3NICOS FIJOS O CELULARES, CORREOS ELECTR\u00d3NICOS DE \u00cdNDOLE PARTICULAR, PERFILES DE FACEBOOK, ENTRE OTROS.<\/span><\/p><p style=\"text-align: justify;\">\u00a0<\/p><p><b>\u00bfC\u00d3MO PUEDE CONOCER LOS CAMBIOS A ESTE AVISO DE PRIVACIDAD?<\/b><\/p><p><span style=\"font-weight: 400;\">EL PRESENTE AVISO DE PRIVACIDAD PUEDE SUFRIR MODIFICACIONES, CAMBIOS O ACTUALIZACIONES DERIVADAS DE NUEVOS REQUERIMIENTOS LEGALES; DE NUESTRAS PROPIAS NECESIDADES POR LOS PRODUCTOS O SERVICIOS QUE OFRECEMOS; DE NUESTRAS PR\u00c1CTICAS DE PRIVACIDAD; DE CAMBIOS EN NUESTRO MODELO DE NEGOCIO, O POR OTRAS CAUSAS.<\/span><\/p><p style=\"text-align: justify;\">\u00a0<\/p><p><span style=\"font-weight: 400;\">EN CASO DE EXISTIR ALGUNA MODIFICACI\u00d3N AL PRESENTE AVISO DE PRIVACIDAD SE HAR\u00c1 DE SU CONOCIMIENTO EN NUESTROS SITIOS DE INTERNET WWW.QURIOGROUP.COM<\/span><\/p>\t\t\t\t\t\t\t\t<\/div>\n\t\t\t\t<\/div>\n\t\t\t\t\t<\/div>\n\t\t<\/div>\n\t\t\t\t\t<\/div>\n\t\t<\/section>\n\t\t\t\t<\/div>\n\t\t","protected":false},"excerpt":{"rendered":"<p>Aviso de privacidad, T\u00e9rminos y Condiciones Legales Pol\u00edtica de privacidad de Quriogroup.com\u00a0 \u00a0 \u00a0\u00a0 \u00daltima actualizaci\u00f3n octubre 2023 \u00a0 CON FUNDAMENTO EN LOS ART\u00cdCULOS 15\u00b0 Y 16\u00b0 DE LA LEY [&hellip;]<\/p>\n","protected":false},"author":3,"featured_media":0,"parent":0,"menu_order":0,"comment_status":"closed","ping_status":"closed","template":"","meta":{"_acf_changed":false,"inline_featured_image":false,"_EventAllDay":false,"_EventTimezone":"","_EventStartDate":"","_EventEndDate":"","_EventStartDateUTC":"","_EventEndDateUTC":"","_EventShowMap":false,"_EventShowMapLink":false,"_EventURL":"","_EventCost":"","_EventCostDescription":"","_EventCurrencySymbol":"","_EventCurrencyCode":"","_EventCurrencyPosition":"","_EventDateTimeSeparator":"","_EventTimeRangeSeparator":"","_EventOrganizerID":[],"_EventVenueID":[],"_OrganizerEmail":"","_OrganizerPhone":"","_OrganizerWebsite":"","_VenueAddress":"","_VenueCity":"","_VenueCountry":"","_VenueProvince":"","_VenueState":"","_VenueZip":"","_VenuePhone":"","_VenueURL":"","_VenueStateProvince":"","_VenueLat":"","_VenueLng":"","_VenueShowMap":false,"_VenueShowMapLink":false,"_joinchat":[],"footnotes":""},"class_list":["post-7064","page","type-page","status-publish","hentry"],"acf":[],"_links":{"self":[{"href":"https:\/\/quriogroup.com\/inicio\/wp-json\/wp\/v2\/pages\/7064","targetHints":{"allow":["GET"]}}],"collection":[{"href":"https:\/\/quriogroup.com\/inicio\/wp-json\/wp\/v2\/pages"}],"about":[{"href":"https:\/\/quriogroup.com\/inicio\/wp-json\/wp\/v2\/types\/page"}],"author":[{"embeddable":true,"href":"https:\/\/quriogroup.com\/inicio\/wp-json\/wp\/v2\/users\/3"}],"replies":[{"embeddable":true,"href":"https:\/\/quriogroup.com\/inicio\/wp-json\/wp\/v2\/comments?post=7064"}],"version-history":[{"count":5,"href":"https:\/\/quriogroup.com\/inicio\/wp-json\/wp\/v2\/pages\/7064\/revisions"}],"predecessor-version":[{"id":7828,"href":"https:\/\/quriogroup.com\/inicio\/wp-json\/wp\/v2\/pages\/7064\/revisions\/7828"}],"wp:attachment":[{"href":"https:\/\/quriogroup.com\/inicio\/wp-json\/wp\/v2\/media?parent=7064"}],"curies":[{"name":"wp","href":"https:\/\/api.w.org\/{rel}","templated":true}]}}