{"id":5464,"date":"2021-09-23T21:05:52","date_gmt":"2021-09-23T21:05:52","guid":{"rendered":"http:\/\/qurio2.local\/?page_id=5464"},"modified":"2021-12-03T05:30:52","modified_gmt":"2021-12-03T05:30:52","slug":"formacion-especializada","status":"publish","type":"page","link":"https:\/\/quriogroup.com\/inicio\/formacion-especializada\/","title":{"rendered":"Comit\u00e9s Directivos"},"content":{"rendered":"\t\t<div data-elementor-type=\"wp-page\" data-elementor-id=\"5464\" class=\"elementor elementor-5464\" data-elementor-post-type=\"page\">\n\t\t\t\t\t\t<section class=\"elementor-section elementor-top-section elementor-element elementor-element-367e59d ot-traditional elementor-section-boxed elementor-section-height-default elementor-section-height-default\" data-id=\"367e59d\" data-element_type=\"section\" data-e-type=\"section\" data-settings=\"{&quot;background_background&quot;:&quot;classic&quot;}\">\n\t\t\t\t\t\t<div class=\"elementor-container elementor-column-gap-default\">\n\t\t\t\t\t<div class=\"elementor-column elementor-col-100 elementor-top-column elementor-element elementor-element-19b873b ot-flex-column-vertical\" data-id=\"19b873b\" data-element_type=\"column\" data-e-type=\"column\">\n\t\t\t<div class=\"elementor-widget-wrap elementor-element-populated\">\n\t\t\t\t\t\t<div class=\"elementor-element elementor-element-a50a81d elementor-widget elementor-widget-slider_revolution\" data-id=\"a50a81d\" data-element_type=\"widget\" data-e-type=\"widget\" data-widget_type=\"slider_revolution.default\">\n\t\t\t\t<div class=\"elementor-widget-container\">\n\t\t\t\t\t\n\t\t<div class=\"wp-block-themepunch-revslider\">\n\t\t\t<!-- START Redes 1 REVOLUTION SLIDER 6.5.8 --><p class=\"rs-p-wp-fix\"><\/p>\n\t\t\t<rs-module-wrap id=\"rev_slider_7_1_wrapper\" data-source=\"gallery\" style=\"visibility:hidden;background:transparent;padding:0;margin:0px auto;margin-top:0;margin-bottom:0;\">\n\t\t\t\t<rs-module id=\"rev_slider_7_1\" style=\"\" data-version=\"6.5.8\">\n\t\t\t\t\t<rs-slides>\n\t\t\t\t\t\t<rs-slide style=\"position: absolute;\" data-key=\"rs-19\" data-title=\"Slide\" data-in=\"o:0;\" data-out=\"a:false;\">\n\t\t\t\t\t\t\t<img fetchpriority=\"high\" decoding=\"async\" src=\"\/\/quriogroup.com\/wp-content\/plugins\/revslider\/public\/assets\/assets\/dummy.png\" title=\"comites-directivos\" width=\"1920\" height=\"809\" class=\"rev-slidebg tp-rs-img rs-lazyload\" data-lazyload=\"\/\/quriogroup.com\/wp-content\/uploads\/2021\/11\/comites-directivos.jpg\" data-no-retina>\n<!--\n\t\t\t\t\t\t\t--><rs-layer\n\t\t\t\t\t\t\t\tid=\"slider-7-slide-19-layer-0\" \n\t\t\t\t\t\t\t\tdata-type=\"text\"\n\t\t\t\t\t\t\t\tdata-rsp_ch=\"on\"\n\t\t\t\t\t\t\t\tdata-xy=\"x:l,l,l,c;xo:15px,15px,15px,-1px;yo:202px,140px,155px,123px;\"\n\t\t\t\t\t\t\t\tdata-text=\"w:normal;s:72,60,48,40;l:80,62,52,42;fw:900;a:left,left,left,center;\"\n\t\t\t\t\t\t\t\tdata-frame_0=\"o:1;\"\n\t\t\t\t\t\t\t\tdata-frame_0_chars=\"d:5;x:105%;o:1;rY:45deg;rZ:90deg;\"\n\t\t\t\t\t\t\t\tdata-frame_0_mask=\"u:t;\"\n\t\t\t\t\t\t\t\tdata-frame_1=\"st:500;sp:1000;\"\n\t\t\t\t\t\t\t\tdata-frame_1_chars=\"e:power4.inOut;d:10;rZ:0deg;\"\n\t\t\t\t\t\t\t\tdata-frame_1_mask=\"u:t;\"\n\t\t\t\t\t\t\t\tdata-frame_999=\"o:0;e:power4.inOut;st:w;sp:1000;sR:7500;\"\n\t\t\t\t\t\t\t\tstyle=\"z-index:9;font-family:'Montserrat';\"\n\t\t\t\t\t\t\t>Comit\u00e9s<br \/>\nDirectivos \n\t\t\t\t\t\t\t<\/rs-layer><!--\n\n\t\t\t\t\t\t\t--><rs-layer\n\t\t\t\t\t\t\t\tid=\"slider-7-slide-19-layer-1\" \n\t\t\t\t\t\t\t\tdata-type=\"text\"\n\t\t\t\t\t\t\t\tdata-rsp_ch=\"on\"\n\t\t\t\t\t\t\t\tdata-xy=\"x:l,l,l,c;xo:19px,15px,15px,0;yo:385px,279px,271px,236px;\"\n\t\t\t\t\t\t\t\tdata-text=\"w:normal;s:18,18,22,18;l:30,34,32,28;a:left,left,left,center;\"\n\t\t\t\t\t\t\t\tdata-dim=\"w:632px,632px,632px,411px;\"\n\t\t\t\t\t\t\t\tdata-frame_0=\"x:50;\"\n\t\t\t\t\t\t\t\tdata-frame_1=\"st:2900;sp:1000;sR:1000;\"\n\t\t\t\t\t\t\t\tdata-frame_999=\"o:0;e:power4.inOut;st:w;sp:1000;sR:7000;\"\n\t\t\t\t\t\t\t\tstyle=\"z-index:10;font-family:'Nunito Sans';\"\n\t\t\t\t\t\t\t>Asegurar, alinear y enfocar la conducci\u00f3n de la empresa de una forma moderna, \u00e1gil y profesional hacia el mejoramiento continuo y la innovaci\u00f3n.<br \/>\n \n\t\t\t\t\t\t\t<\/rs-layer><!--\n\n\t\t\t\t\t\t\t--><rs-layer\n\t\t\t\t\t\t\t\tid=\"slider-7-slide-19-layer-2\" \n\t\t\t\t\t\t\t\tdata-type=\"object\"\n\t\t\t\t\t\t\t\tdata-rsp_ch=\"on\"\n\t\t\t\t\t\t\t\tdata-xy=\"xo:50px,42px,31px,19px;yo:157px,133px,99px,61px;\"\n\t\t\t\t\t\t\t\tdata-text=\"w:normal;s:20,17,12,7;l:0,21,15,9;\"\n\t\t\t\t\t\t\t\tdata-frame_999=\"o:0;st:w;\"\n\t\t\t\t\t\t\t\tstyle=\"z-index:11;font-family:'Roboto';\"\n\t\t\t\t\t\t\t> \n\t\t\t\t\t\t\t<\/rs-layer><!--\n\n\t\t\t\t\t\t\t--><rs-layer\n\t\t\t\t\t\t\t\tid=\"slider-7-slide-19-layer-3\" \n\t\t\t\t\t\t\t\tdata-type=\"object\"\n\t\t\t\t\t\t\t\tdata-rsp_ch=\"on\"\n\t\t\t\t\t\t\t\tdata-xy=\"xo:50px,42px,31px,19px;yo:50px,42px,31px,19px;\"\n\t\t\t\t\t\t\t\tdata-text=\"w:normal;s:20,17,12,7;l:0,21,15,9;\"\n\t\t\t\t\t\t\t\tdata-frame_999=\"o:0;st:w;\"\n\t\t\t\t\t\t\t\tstyle=\"z-index:12;font-family:'Roboto';\"\n\t\t\t\t\t\t\t> \n\t\t\t\t\t\t\t<\/rs-layer><!--\n\n\t\t\t\t\t\t\t--><rs-layer\n\t\t\t\t\t\t\t\tid=\"slider-7-slide-19-layer-4\" \n\t\t\t\t\t\t\t\tdata-type=\"object\"\n\t\t\t\t\t\t\t\tdata-rsp_ch=\"on\"\n\t\t\t\t\t\t\t\tdata-xy=\"xo:50px,42px,31px,19px;yo:50px,42px,31px,19px;\"\n\t\t\t\t\t\t\t\tdata-text=\"w:normal;s:20,17,12,7;l:0,21,15,9;\"\n\t\t\t\t\t\t\t\tdata-frame_999=\"o:0;st:w;\"\n\t\t\t\t\t\t\t\tstyle=\"z-index:13;font-family:'Roboto';\"\n\t\t\t\t\t\t\t> \n\t\t\t\t\t\t\t<\/rs-layer><!--\n-->\t\t\t\t\t\t<\/rs-slide>\n\t\t\t\t\t<\/rs-slides>\n\t\t\t\t\t<rs-static-layers><!--\n\t\t\t\t\t--><\/rs-static-layers>\n\t\t\t\t<\/rs-module>\n\t\t\t\t<script type=\"text\/javascript\">\n\t\t\t\t\tsetREVStartSize({c: 'rev_slider_7_1',rl:[1240,1024,778,480],el:[809,600,630,600],gw:[1200,1024,768,480],gh:[809,600,630,600],type:'standard',justify:'',layout:'fullwidth',mh:\"0\"});if (window.RS_MODULES!==undefined && window.RS_MODULES.modules!==undefined && window.RS_MODULES.modules[\"revslider71\"]!==undefined) {window.RS_MODULES.modules[\"revslider71\"].once = false;window.revapi7 = undefined;if (window.RS_MODULES.checkMinimal!==undefined) window.RS_MODULES.checkMinimal()}\n\t\t\t\t<\/script>\n\t\t\t<\/rs-module-wrap>\n\t\t\t<!-- END REVOLUTION SLIDER -->\n<\/div>\n\n\t\t\t\t\t\t<\/div>\n\t\t\t\t<\/div>\n\t\t\t\t\t<\/div>\n\t\t<\/div>\n\t\t\t\t\t<\/div>\n\t\t<\/section>\n\t\t\t\t<section class=\"elementor-section elementor-top-section elementor-element elementor-element-aa4b47d ot-traditional elementor-section-boxed elementor-section-height-default elementor-section-height-default\" data-id=\"aa4b47d\" data-element_type=\"section\" data-e-type=\"section\">\n\t\t\t\t\t\t<div class=\"elementor-container elementor-column-gap-extended\">\n\t\t\t\t\t<div class=\"elementor-column elementor-col-50 elementor-top-column elementor-element elementor-element-5e7b92b ot-flex-column-vertical\" data-id=\"5e7b92b\" data-element_type=\"column\" data-e-type=\"column\">\n\t\t\t<div class=\"elementor-widget-wrap elementor-element-populated\">\n\t\t\t\t\t\t<div class=\"elementor-element elementor-element-55cca91 elementor-widget elementor-widget-iheading\" data-id=\"55cca91\" data-element_type=\"widget\" data-e-type=\"widget\" data-widget_type=\"iheading.default\">\n\t\t\t\t<div class=\"elementor-widget-container\">\n\t\t\t\t\t\t\t<div class=\"ot-heading\">\r\n\t        <h2 class=\"main-heading\">Prop\u00f3sito<\/h2>\t    <\/div>\r\n\t    \t\t\t\t<\/div>\n\t\t\t\t<\/div>\n\t\t\t\t<div class=\"elementor-element elementor-element-72485af elementor-widget elementor-widget-text-editor\" data-id=\"72485af\" data-element_type=\"widget\" data-e-type=\"widget\" data-widget_type=\"text-editor.default\">\n\t\t\t\t<div class=\"elementor-widget-container\">\n\t\t\t\t\t\t\t\t\t<ul><li>Encontrar orientaci\u00f3n, sabidur\u00eda, consejo, conexiones y criterio de un verdadero comit\u00e9 directivo profesional.<\/li><li>Establecer un proceso de sano sostenimiento inmediato y crecimiento futuro para la mejora estrat\u00e9gica y t\u00e1ctica del negocio.<\/li><li>Poner orden y estructura al patrimonio organizacional, intelectual, financiero, productivo y comercial del negocio.<\/li><li>Aprender a conceptualizar y definir proyectos de desarrollo e innovaci\u00f3n que le den inteligencia de negocios al negocio.<\/li><li>Integrar un portafolio de proyectos con potencial de crecimiento sustentado del negocio.<\/li><\/ul>\t\t\t\t\t\t\t\t<\/div>\n\t\t\t\t<\/div>\n\t\t\t\t<div class=\"elementor-element elementor-element-b7a6382 elementor-hidden-desktop elementor-widget elementor-widget-image\" data-id=\"b7a6382\" data-element_type=\"widget\" data-e-type=\"widget\" data-widget_type=\"image.default\">\n\t\t\t\t<div class=\"elementor-widget-container\">\n\t\t\t\t\t\t\t\t\t\t\t\t\t\t\t<img decoding=\"async\" width=\"952\" height=\"571\" src=\"https:\/\/quriogroup.com\/wp-content\/uploads\/2020\/02\/image1-home1.png\" class=\"attachment-full size-full wp-image-2278\" alt=\"\" srcset=\"https:\/\/quriogroup.com\/wp-content\/uploads\/2020\/02\/image1-home1.png 952w, https:\/\/quriogroup.com\/wp-content\/uploads\/2020\/02\/image1-home1-300x180.png 300w, https:\/\/quriogroup.com\/wp-content\/uploads\/2020\/02\/image1-home1-768x461.png 768w, https:\/\/quriogroup.com\/wp-content\/uploads\/2020\/02\/image1-home1-720x432.png 720w\" sizes=\"(max-width: 952px) 100vw, 952px\" \/>\t\t\t\t\t\t\t\t\t\t\t\t\t\t\t<\/div>\n\t\t\t\t<\/div>\n\t\t\t\t\t<\/div>\n\t\t<\/div>\n\t\t\t\t<div class=\"elementor-column elementor-col-50 elementor-top-column elementor-element elementor-element-8243aef elementor-hidden-tablet elementor-hidden-phone ot-flex-column-vertical\" data-id=\"8243aef\" data-element_type=\"column\" data-e-type=\"column\" data-settings=\"{&quot;background_background&quot;:&quot;classic&quot;}\">\n\t\t\t<div class=\"elementor-widget-wrap elementor-element-populated\">\n\t\t\t\t\t\t<div class=\"elementor-element elementor-element-0f677d2 elementor-widget elementor-widget-image\" data-id=\"0f677d2\" data-element_type=\"widget\" data-e-type=\"widget\" data-widget_type=\"image.default\">\n\t\t\t\t<div class=\"elementor-widget-container\">\n\t\t\t\t\t\t\t\t\t\t\t\t\t\t\t<img decoding=\"async\" width=\"2560\" height=\"1707\" src=\"https:\/\/quriogroup.com\/wp-content\/uploads\/2021\/12\/dylan-gillis-KdeqA3aTnBY-unsplash-scaled.jpg\" class=\"attachment-full size-full wp-image-5632\" alt=\"\" srcset=\"https:\/\/quriogroup.com\/wp-content\/uploads\/2021\/12\/dylan-gillis-KdeqA3aTnBY-unsplash-scaled.jpg 2560w, https:\/\/quriogroup.com\/wp-content\/uploads\/2021\/12\/dylan-gillis-KdeqA3aTnBY-unsplash-300x200.jpg 300w, https:\/\/quriogroup.com\/wp-content\/uploads\/2021\/12\/dylan-gillis-KdeqA3aTnBY-unsplash-1024x683.jpg 1024w, https:\/\/quriogroup.com\/wp-content\/uploads\/2021\/12\/dylan-gillis-KdeqA3aTnBY-unsplash-768x512.jpg 768w, https:\/\/quriogroup.com\/wp-content\/uploads\/2021\/12\/dylan-gillis-KdeqA3aTnBY-unsplash-1536x1024.jpg 1536w, https:\/\/quriogroup.com\/wp-content\/uploads\/2021\/12\/dylan-gillis-KdeqA3aTnBY-unsplash-2048x1365.jpg 2048w, https:\/\/quriogroup.com\/wp-content\/uploads\/2021\/12\/dylan-gillis-KdeqA3aTnBY-unsplash-720x480.jpg 720w\" sizes=\"(max-width: 2560px) 100vw, 2560px\" \/>\t\t\t\t\t\t\t\t\t\t\t\t\t\t\t<\/div>\n\t\t\t\t<\/div>\n\t\t\t\t\t<\/div>\n\t\t<\/div>\n\t\t\t\t\t<\/div>\n\t\t<\/section>\n\t\t\t\t<section class=\"elementor-section elementor-top-section elementor-element elementor-element-9a4c200 ot-traditional elementor-section-boxed elementor-section-height-default elementor-section-height-default\" data-id=\"9a4c200\" data-element_type=\"section\" data-e-type=\"section\" data-settings=\"{&quot;background_background&quot;:&quot;classic&quot;}\">\n\t\t\t\t\t\t<div class=\"elementor-container elementor-column-gap-default\">\n\t\t\t\t\t<div class=\"elementor-column elementor-col-100 elementor-top-column elementor-element elementor-element-3fcfb9c ot-flex-column-vertical\" data-id=\"3fcfb9c\" data-element_type=\"column\" data-e-type=\"column\">\n\t\t\t<div class=\"elementor-widget-wrap elementor-element-populated\">\n\t\t\t\t\t\t<div class=\"elementor-element elementor-element-96284f9 elementor-widget elementor-widget-iheading\" data-id=\"96284f9\" data-element_type=\"widget\" data-e-type=\"widget\" data-widget_type=\"iheading.default\">\n\t\t\t\t<div class=\"elementor-widget-container\">\n\t\t\t\t\t\t\t<div class=\"ot-heading\">\r\n\t        <h2 class=\"main-heading\">Programa de trabajo<\/h2>\t    <\/div>\r\n\t    \t\t\t\t<\/div>\n\t\t\t\t<\/div>\n\t\t\t\t<section class=\"elementor-section elementor-inner-section elementor-element elementor-element-7b3f2a3 ot-traditional elementor-section-boxed elementor-section-height-default elementor-section-height-default\" data-id=\"7b3f2a3\" data-element_type=\"section\" data-e-type=\"section\">\n\t\t\t\t\t\t<div class=\"elementor-container elementor-column-gap-default\">\n\t\t\t\t\t<div class=\"elementor-column elementor-col-100 elementor-inner-column elementor-element elementor-element-6626761 ot-flex-column-vertical\" data-id=\"6626761\" data-element_type=\"column\" data-e-type=\"column\">\n\t\t\t<div class=\"elementor-widget-wrap elementor-element-populated\">\n\t\t\t\t\t\t<div class=\"elementor-element elementor-element-12368ba elementor-widget elementor-widget-text-editor\" data-id=\"12368ba\" data-element_type=\"widget\" data-e-type=\"widget\" data-widget_type=\"text-editor.default\">\n\t\t\t\t<div class=\"elementor-widget-container\">\n\t\t\t\t\t\t\t\t\t<p>Queremos desarrollar las capacidades de <strong>inteligencia estrat\u00e9gica y t\u00e1ctica<\/strong> del empresario inscrito, vincul\u00e1ndolos entre s\u00ed a trav\u00e9s de comit\u00e9s directivos para que complementen su toma de <strong>decisiones, acciones y operaciones<\/strong> de su empresa correctamente.<\/p>\t\t\t\t\t\t\t\t<\/div>\n\t\t\t\t<\/div>\n\t\t\t\t\t<\/div>\n\t\t<\/div>\n\t\t\t\t\t<\/div>\n\t\t<\/section>\n\t\t\t\t<section class=\"elementor-section elementor-inner-section elementor-element elementor-element-76a3b4e elementor-section-full_width ot-traditional elementor-section-height-default elementor-section-height-default\" data-id=\"76a3b4e\" data-element_type=\"section\" data-e-type=\"section\">\n\t\t\t\t\t\t<div class=\"elementor-container elementor-column-gap-extended\">\n\t\t\t\t\t<div class=\"elementor-column elementor-col-50 elementor-inner-column elementor-element elementor-element-80c07a4 ot-flex-column-vertical\" data-id=\"80c07a4\" data-element_type=\"column\" data-e-type=\"column\">\n\t\t\t<div class=\"elementor-widget-wrap elementor-element-populated\">\n\t\t\t\t\t\t<div class=\"elementor-element elementor-element-80a0c6e elementor-widget elementor-widget-iiconbox2\" data-id=\"80a0c6e\" data-element_type=\"widget\" data-e-type=\"widget\" data-widget_type=\"iiconbox2.default\">\n\t\t\t\t<div class=\"elementor-widget-container\">\n\t\t\t\t\t\t\t<div class=\"icon-box-s2 s1\">\r\n\t\t\t<div class=\"icon-main\">\r\n\t\t        <i aria-hidden=\"true\" class=\"fas fa-business-time\"><\/i>\t\t\t    \t\t        \t\t        \t        <\/div>\r\n\t        <div class=\"content-box\">\r\n\t            <h5>Fase 1: conceptualizaci\u00f3n del modelo del negocio.<\/h5>\r\n\t            <p>M\u00d3DULO 1.   DIAGN\u00d3STICO DE SITUACI\u00d3N, VISI\u00d3N Y PLAN DE MEJORAS INMEDIATAS. \n\t<br><br>\tM\u00d3DULO 2.   EVALUACI\u00d3N DEL MODELO DEL NEGOCIO, AN\u00c1LISIS DE RUTAS Y DEFINICI\u00d3N \t\t\t\tDE LA VIABILIDAD COMPETITIVA.\n <br><br>\t\tM\u00d3DULO 3.  ESTRATEGIA INNOVADORA DEL CRECIMIENTO,  DE LA EMPRESA, \t\t\t\t\t\tDIFERENCIACI\u00d3N, POSICIONAMIENTO Y VENTAJA COMPETITIVA.\n<\/p>\r\n\t        <\/div>\r\n\t    <\/div>\r\n\t    \t\t\t\t<\/div>\n\t\t\t\t<\/div>\n\t\t\t\t<div class=\"elementor-element elementor-element-c50e01d elementor-widget elementor-widget-iiconbox2\" data-id=\"c50e01d\" data-element_type=\"widget\" data-e-type=\"widget\" data-widget_type=\"iiconbox2.default\">\n\t\t\t\t<div class=\"elementor-widget-container\">\n\t\t\t\t\t\t\t<div class=\"icon-box-s2 s1\">\r\n\t\t\t<div class=\"icon-main\">\r\n\t\t        <i aria-hidden=\"true\" class=\"fas fa-pencil-alt\"><\/i>\t\t\t    \t\t        \t\t        \t        <\/div>\r\n\t        <div class=\"content-box\">\r\n\t            <h5>Fase 3. Dise\u00f1o de la estrategia de innovaci\u00f3n y cartera de proyectos.<\/h5>\r\n\t            <p>M\u00d3DULO 7.   LA INNOVACI\u00d3N. MODELO DE GESTI\u00d3N DE LA TECNOLOG\u00cdA Y LA \t\t\t\tINNOVACI\u00d3N.\n\t<br><br>\tM\u00d3DULO 8.   CONCEPTUALIZACI\u00d3N DE PROYECTOS DE INNOVACI\u00d3N.\n\t<br><br>\tM\u00d3DULO 9.   IMPLANTACI\u00d3N Y GESTI\u00d3N DE PROYECTOS DE INNOVACI\u00d3N.\n<\/p>\r\n\t        <\/div>\r\n\t    <\/div>\r\n\t    \t\t\t\t<\/div>\n\t\t\t\t<\/div>\n\t\t\t\t\t<\/div>\n\t\t<\/div>\n\t\t\t\t<div class=\"elementor-column elementor-col-50 elementor-inner-column elementor-element elementor-element-374e026 ot-flex-column-vertical\" data-id=\"374e026\" data-element_type=\"column\" data-e-type=\"column\">\n\t\t\t<div class=\"elementor-widget-wrap elementor-element-populated\">\n\t\t\t\t\t\t<div class=\"elementor-element elementor-element-c5bb4ce elementor-widget elementor-widget-iiconbox2\" data-id=\"c5bb4ce\" data-element_type=\"widget\" data-e-type=\"widget\" data-widget_type=\"iiconbox2.default\">\n\t\t\t\t<div class=\"elementor-widget-container\">\n\t\t\t\t\t\t\t<div class=\"icon-box-s2 s1\">\r\n\t\t\t<div class=\"icon-main\">\r\n\t\t        <i aria-hidden=\"true\" class=\"far fa-building\"><\/i>\t\t\t    \t\t        \t\t        \t        <\/div>\r\n\t        <div class=\"content-box\">\r\n\t            <h5>Fase 2:  estabilizaci\u00f3n de la operaci\u00f3n y desempe\u00f1o del negocio.<\/h5>\r\n\t            <p>M\u00d3DULO 4.  GESTI\u00d3N DE EQUIPOS DE ALTO RENDIMIENTO, LIDERAZGO PROACTIVO Y \t\t\t\tCOMPLEMENTARIEDAD DE TALENTOS.\n\t<br><br>\tM\u00d3DULO 5.   COMPETITIVIDAD DESDE LA OPERACI\u00d3N Y GESTI\u00d3N DE LA CADENA DE \t\t\t\t\tVALOR.\n\t<br><br>\tM\u00d3DULO 6. GESTI\u00d3N EFECTIVA DE LA EMPRESA FAMILIAR.\n<\/p>\r\n\t        <\/div>\r\n\t    <\/div>\r\n\t    \t\t\t\t<\/div>\n\t\t\t\t<\/div>\n\t\t\t\t<div class=\"elementor-element elementor-element-176403e elementor-widget elementor-widget-iiconbox2\" data-id=\"176403e\" data-element_type=\"widget\" data-e-type=\"widget\" data-widget_type=\"iiconbox2.default\">\n\t\t\t\t<div class=\"elementor-widget-container\">\n\t\t\t\t\t\t\t<div class=\"icon-box-s2 s1\">\r\n\t\t\t<div class=\"icon-main\">\r\n\t\t        <i aria-hidden=\"true\" class=\"fas fa-compress-alt\"><\/i>\t\t\t    \t\t        \t\t        \t        <\/div>\r\n\t        <div class=\"content-box\">\r\n\t            <h5>Fase 4. Impactos y resultados.<\/h5>\r\n\t            <p>M\u00d3DULO 10.   FINANZAS EMPRESARIALES. PLAN Y CONTROL FINANCIERO DEL NEGOCIO.\n\t<br><br>\tM\u00d3DULO 11.   EL ASEGURAMIENTO DEL PATRIMONIO FAMILIAR.\n\t<br><br>\tM\u00d3DULO 12. MEDICI\u00d3N DE RESULTADOS.\n<\/p>\r\n\t        <\/div>\r\n\t    <\/div>\r\n\t    \t\t\t\t<\/div>\n\t\t\t\t<\/div>\n\t\t\t\t\t<\/div>\n\t\t<\/div>\n\t\t\t\t\t<\/div>\n\t\t<\/section>\n\t\t\t\t\t<\/div>\n\t\t<\/div>\n\t\t\t\t\t<\/div>\n\t\t<\/section>\n\t\t\t\t<section class=\"elementor-section elementor-top-section elementor-element elementor-element-c298a16 ot-traditional elementor-section-boxed elementor-section-height-default elementor-section-height-default\" data-id=\"c298a16\" data-element_type=\"section\" data-e-type=\"section\">\n\t\t\t\t\t\t<div class=\"elementor-container elementor-column-gap-default\">\n\t\t\t\t\t<div class=\"elementor-column elementor-col-100 elementor-top-column elementor-element elementor-element-5071529 ot-flex-column-vertical\" data-id=\"5071529\" data-element_type=\"column\" data-e-type=\"column\">\n\t\t\t<div class=\"elementor-widget-wrap elementor-element-populated\">\n\t\t\t\t\t\t<section class=\"elementor-section elementor-inner-section elementor-element elementor-element-9a579c8 elementor-section-full_width ot-traditional elementor-section-height-default elementor-section-height-default\" data-id=\"9a579c8\" data-element_type=\"section\" data-e-type=\"section\">\n\t\t\t\t\t\t<div class=\"elementor-container elementor-column-gap-extended\">\n\t\t\t\t\t<div class=\"elementor-column elementor-col-100 elementor-inner-column elementor-element elementor-element-23792a7 ot-flex-column-vertical\" data-id=\"23792a7\" data-element_type=\"column\" data-e-type=\"column\">\n\t\t\t<div class=\"elementor-widget-wrap\">\n\t\t\t\t\t\t\t<\/div>\n\t\t<\/div>\n\t\t\t\t\t<\/div>\n\t\t<\/section>\n\t\t\t\t<section class=\"elementor-section elementor-inner-section elementor-element elementor-element-48b8205 elementor-section-full_width elementor-section-content-bottom ot-traditional elementor-section-height-default elementor-section-height-default\" data-id=\"48b8205\" data-element_type=\"section\" data-e-type=\"section\" data-settings=\"{&quot;background_background&quot;:&quot;classic&quot;}\">\n\t\t\t\t\t\t<div class=\"elementor-container elementor-column-gap-default\">\n\t\t\t\t\t<div class=\"elementor-column elementor-col-50 elementor-inner-column elementor-element elementor-element-3cbbe6c ot-flex-column-vertical\" data-id=\"3cbbe6c\" data-element_type=\"column\" data-e-type=\"column\">\n\t\t\t<div class=\"elementor-widget-wrap elementor-element-populated\">\n\t\t\t\t\t\t<div class=\"elementor-element elementor-element-b934cd9 elementor-widget elementor-widget-iheading\" data-id=\"b934cd9\" data-element_type=\"widget\" data-e-type=\"widget\" data-widget_type=\"iheading.default\">\n\t\t\t\t<div class=\"elementor-widget-container\">\n\t\t\t\t\t\t\t<div class=\"ot-heading\">\r\n\t        \t            <span>\u00a1Crezcamos Juntos!<\/span>\r\n\t        <h2 class=\"main-heading\">Identifica el \u00e9xito\n<br>\n\nDifunde el \u00e9xito<\/h2>\t    <\/div>\r\n\t    \t\t\t\t<\/div>\n\t\t\t\t<\/div>\n\t\t\t\t\t<\/div>\n\t\t<\/div>\n\t\t\t\t<div class=\"elementor-column elementor-col-50 elementor-inner-column elementor-element elementor-element-afb5125 ot-flex-column-vertical\" data-id=\"afb5125\" data-element_type=\"column\" data-e-type=\"column\">\n\t\t\t<div class=\"elementor-widget-wrap elementor-element-populated\">\n\t\t\t\t\t\t<div class=\"elementor-element elementor-element-b18e954 elementor-align-right elementor-mobile-align-left elementor-widget elementor-widget-button\" data-id=\"b18e954\" data-element_type=\"widget\" data-e-type=\"widget\" data-widget_type=\"button.default\">\n\t\t\t\t<div class=\"elementor-widget-container\">\n\t\t\t\t\t\t\t\t\t<div class=\"elementor-button-wrapper\">\n\t\t\t\t\t<a class=\"elementor-button elementor-button-link elementor-size-md\" href=\"https:\/\/quriogroup.com\/contacto\/\">\n\t\t\t\t\t\t<span class=\"elementor-button-content-wrapper\">\n\t\t\t\t\t\t\t\t\t<span class=\"elementor-button-text\">Contactanos<\/span>\n\t\t\t\t\t<\/span>\n\t\t\t\t\t<\/a>\n\t\t\t\t<\/div>\n\t\t\t\t\t\t\t\t<\/div>\n\t\t\t\t<\/div>\n\t\t\t\t\t<\/div>\n\t\t<\/div>\n\t\t\t\t\t<\/div>\n\t\t<\/section>\n\t\t\t\t\t<\/div>\n\t\t<\/div>\n\t\t\t\t\t<\/div>\n\t\t<\/section>\n\t\t\t\t<\/div>\n\t\t","protected":false},"excerpt":{"rendered":"<p>Prop\u00f3sito Encontrar orientaci\u00f3n, sabidur\u00eda, consejo, conexiones y criterio de un verdadero comit\u00e9 directivo profesional. Establecer un proceso de sano sostenimiento inmediato y crecimiento futuro para la mejora estrat\u00e9gica y t\u00e1ctica [&hellip;]<\/p>\n","protected":false},"author":1,"featured_media":0,"parent":0,"menu_order":0,"comment_status":"closed","ping_status":"closed","template":"","meta":{"_acf_changed":false,"inline_featured_image":false,"_EventAllDay":false,"_EventTimezone":"","_EventStartDate":"","_EventEndDate":"","_EventStartDateUTC":"","_EventEndDateUTC":"","_EventShowMap":false,"_EventShowMapLink":false,"_EventURL":"","_EventCost":"","_EventCostDescription":"","_EventCurrencySymbol":"","_EventCurrencyCode":"","_EventCurrencyPosition":"","_EventDateTimeSeparator":"","_EventTimeRangeSeparator":"","_EventOrganizerID":[],"_EventVenueID":[],"_OrganizerEmail":"","_OrganizerPhone":"","_OrganizerWebsite":"","_VenueAddress":"","_VenueCity":"","_VenueCountry":"","_VenueProvince":"","_VenueState":"","_VenueZip":"","_VenuePhone":"","_VenueURL":"","_VenueStateProvince":"","_VenueLat":"","_VenueLng":"","_VenueShowMap":false,"_VenueShowMapLink":false,"_joinchat":[],"footnotes":""},"class_list":["post-5464","page","type-page","status-publish","hentry"],"acf":[],"_links":{"self":[{"href":"https:\/\/quriogroup.com\/inicio\/wp-json\/wp\/v2\/pages\/5464","targetHints":{"allow":["GET"]}}],"collection":[{"href":"https:\/\/quriogroup.com\/inicio\/wp-json\/wp\/v2\/pages"}],"about":[{"href":"https:\/\/quriogroup.com\/inicio\/wp-json\/wp\/v2\/types\/page"}],"author":[{"embeddable":true,"href":"https:\/\/quriogroup.com\/inicio\/wp-json\/wp\/v2\/users\/1"}],"replies":[{"embeddable":true,"href":"https:\/\/quriogroup.com\/inicio\/wp-json\/wp\/v2\/comments?post=5464"}],"version-history":[{"count":29,"href":"https:\/\/quriogroup.com\/inicio\/wp-json\/wp\/v2\/pages\/5464\/revisions"}],"predecessor-version":[{"id":5638,"href":"https:\/\/quriogroup.com\/inicio\/wp-json\/wp\/v2\/pages\/5464\/revisions\/5638"}],"wp:attachment":[{"href":"https:\/\/quriogroup.com\/inicio\/wp-json\/wp\/v2\/media?parent=5464"}],"curies":[{"name":"wp","href":"https:\/\/api.w.org\/{rel}","templated":true}]}}