{"id":1496,"date":"2020-01-07T09:09:07","date_gmt":"2020-01-07T09:09:07","guid":{"rendered":"http:\/\/wpdemo.archiwp.com\/engitech\/?page_id=1496"},"modified":"2022-03-24T02:07:53","modified_gmt":"2022-03-24T02:07:53","slug":"nosotros","status":"publish","type":"page","link":"https:\/\/quriogroup.com\/inicio\/nosotros\/","title":{"rendered":"Nosotros"},"content":{"rendered":"\t\t<div data-elementor-type=\"wp-page\" data-elementor-id=\"1496\" class=\"elementor elementor-1496\" data-elementor-post-type=\"page\">\n\t\t\t\t\t\t<section class=\"elementor-section elementor-top-section elementor-element elementor-element-f7ffdaf ot-traditional elementor-section-boxed elementor-section-height-default elementor-section-height-default\" data-id=\"f7ffdaf\" data-element_type=\"section\" data-e-type=\"section\" data-settings=\"{&quot;background_background&quot;:&quot;classic&quot;}\">\n\t\t\t\t\t\t<div class=\"elementor-container elementor-column-gap-extended\">\n\t\t\t\t\t<div class=\"elementor-column elementor-col-50 elementor-top-column elementor-element elementor-element-28a66d7 elementor-hidden-tablet elementor-hidden-phone ot-flex-column-vertical\" data-id=\"28a66d7\" data-element_type=\"column\" data-e-type=\"column\">\n\t\t\t<div class=\"elementor-widget-wrap elementor-element-populated\">\n\t\t\t\t\t\t<div class=\"elementor-element elementor-element-13dc5b4 elementor-widget elementor-widget-image\" data-id=\"13dc5b4\" data-element_type=\"widget\" data-e-type=\"widget\" data-widget_type=\"image.default\">\n\t\t\t\t<div class=\"elementor-widget-container\">\n\t\t\t\t\t\t\t\t\t\t\t\t\t\t\t<img fetchpriority=\"high\" decoding=\"async\" width=\"750\" height=\"980\" src=\"https:\/\/quriogroup.com\/wp-content\/uploads\/2021\/09\/nosotros.jpg\" class=\"attachment-full size-full wp-image-5183\" alt=\"\" srcset=\"https:\/\/quriogroup.com\/wp-content\/uploads\/2021\/09\/nosotros.jpg 750w, https:\/\/quriogroup.com\/wp-content\/uploads\/2021\/09\/nosotros-230x300.jpg 230w, https:\/\/quriogroup.com\/wp-content\/uploads\/2021\/09\/nosotros-720x941.jpg 720w\" sizes=\"(max-width: 750px) 100vw, 750px\" \/>\t\t\t\t\t\t\t\t\t\t\t\t\t\t\t<\/div>\n\t\t\t\t<\/div>\n\t\t\t\t\t<\/div>\n\t\t<\/div>\n\t\t\t\t<div class=\"elementor-column elementor-col-50 elementor-top-column elementor-element elementor-element-6665190 ot-flex-column-vertical\" data-id=\"6665190\" data-element_type=\"column\" data-e-type=\"column\">\n\t\t\t<div class=\"elementor-widget-wrap elementor-element-populated\">\n\t\t\t\t\t\t<div class=\"elementor-element elementor-element-5c56f12 elementor-widget elementor-widget-iheading\" data-id=\"5c56f12\" data-element_type=\"widget\" data-e-type=\"widget\" data-widget_type=\"iheading.default\">\n\t\t\t\t<div class=\"elementor-widget-container\">\n\t\t\t\t\t\t\t<div class=\"ot-heading\">\r\n\t        <h2 class=\"main-heading\">\u00bfQui\u00e9nes somos?<\/h2>\t    <\/div>\r\n\t    \t\t\t\t<\/div>\n\t\t\t\t<\/div>\n\t\t\t\t<div class=\"elementor-element elementor-element-ae59a69 elementor-widget elementor-widget-text-editor\" data-id=\"ae59a69\" data-element_type=\"widget\" data-e-type=\"widget\" data-widget_type=\"text-editor.default\">\n\t\t\t\t<div class=\"elementor-widget-container\">\n\t\t\t\t\t\t\t\t\t<p>En <strong>Qurio Group<\/strong> somos un equipo de especialistas con m\u00e1s de <strong>20 a\u00f1os de trayectoria<\/strong> decididos a evolucionar la misi\u00f3n del <strong>Premio Nacional de Tecnolog\u00eda e Innovaci\u00f3n<\/strong>, mediante la incorporaci\u00f3n de experiencias y conocimientos provenientes de organizaciones, l\u00edderes de opini\u00f3n y expertos nacionales e internacionales, a trav\u00e9s de una oferta de<strong> servicios especializados<\/strong><\/p>\t\t\t\t\t\t\t\t<\/div>\n\t\t\t\t<\/div>\n\t\t\t\t<section class=\"elementor-section elementor-inner-section elementor-element elementor-element-57af9e5 elementor-section-full_width ot-traditional elementor-section-height-default elementor-section-height-default\" data-id=\"57af9e5\" data-element_type=\"section\" data-e-type=\"section\">\n\t\t\t\t\t\t<div class=\"elementor-container elementor-column-gap-extended\">\n\t\t\t\t\t<div class=\"elementor-column elementor-col-100 elementor-inner-column elementor-element elementor-element-a8a9a48 ot-flex-column-vertical\" data-id=\"a8a9a48\" data-element_type=\"column\" data-e-type=\"column\">\n\t\t\t<div class=\"elementor-widget-wrap elementor-element-populated\">\n\t\t\t\t\t\t<div class=\"elementor-element elementor-element-a3f7242 elementor-widget elementor-widget-iiconbox1\" data-id=\"a3f7242\" data-element_type=\"widget\" data-e-type=\"widget\" data-widget_type=\"iiconbox1.default\">\n\t\t\t\t<div class=\"elementor-widget-container\">\n\t\t\t\t\t\t\t<div class=\"icon-box-s1\">\r\n\t\t\t<div class=\"icon-main\">\r\n\t\t        \t\t\t    \t\t        <span class=\"flaticon-medal\"><\/span>\t        <\/div>\r\n\t        <h5>La mejor red de innovaci\u00f3n.<\/h5>\r\n\t        <div class=\"line-box\"><\/div>\r\n\t        <p>Integramos la red de empresas de innovaci\u00f3n y de especialistas m\u00e1s grande del pa\u00eds.<\/p>\r\n\t    <\/div>\r\n\t    \t\t\t\t<\/div>\n\t\t\t\t<\/div>\n\t\t\t\t\t<\/div>\n\t\t<\/div>\n\t\t\t\t\t<\/div>\n\t\t<\/section>\n\t\t\t\t<div class=\"elementor-element elementor-element-1142a57 elementor-hidden-desktop elementor-widget elementor-widget-image\" data-id=\"1142a57\" data-element_type=\"widget\" data-e-type=\"widget\" data-widget_type=\"image.default\">\n\t\t\t\t<div class=\"elementor-widget-container\">\n\t\t\t\t\t\t\t\t\t\t\t\t\t\t\t<img fetchpriority=\"high\" decoding=\"async\" width=\"750\" height=\"980\" src=\"https:\/\/quriogroup.com\/wp-content\/uploads\/2021\/09\/nosotros.jpg\" class=\"attachment-full size-full wp-image-5183\" alt=\"\" srcset=\"https:\/\/quriogroup.com\/wp-content\/uploads\/2021\/09\/nosotros.jpg 750w, https:\/\/quriogroup.com\/wp-content\/uploads\/2021\/09\/nosotros-230x300.jpg 230w, https:\/\/quriogroup.com\/wp-content\/uploads\/2021\/09\/nosotros-720x941.jpg 720w\" sizes=\"(max-width: 750px) 100vw, 750px\" \/>\t\t\t\t\t\t\t\t\t\t\t\t\t\t\t<\/div>\n\t\t\t\t<\/div>\n\t\t\t\t\t<\/div>\n\t\t<\/div>\n\t\t\t\t\t<\/div>\n\t\t<\/section>\n\t\t\t\t<section class=\"elementor-section elementor-top-section elementor-element elementor-element-96895f0 ot-traditional elementor-section-boxed elementor-section-height-default elementor-section-height-default\" data-id=\"96895f0\" data-element_type=\"section\" data-e-type=\"section\">\n\t\t\t\t\t\t<div class=\"elementor-container elementor-column-gap-default\">\n\t\t\t\t\t<div class=\"elementor-column elementor-col-100 elementor-top-column elementor-element elementor-element-7071f49 ot-flex-column-vertical\" data-id=\"7071f49\" data-element_type=\"column\" data-e-type=\"column\">\n\t\t\t<div class=\"elementor-widget-wrap elementor-element-populated\">\n\t\t\t\t\t\t<section class=\"elementor-section elementor-inner-section elementor-element elementor-element-9eb53af elementor-section-full_width ot-traditional elementor-section-height-default elementor-section-height-default\" data-id=\"9eb53af\" data-element_type=\"section\" data-e-type=\"section\" data-settings=\"{&quot;background_background&quot;:&quot;gradient&quot;}\">\n\t\t\t\t\t\t<div class=\"elementor-container elementor-column-gap-extended\">\n\t\t\t\t\t<div class=\"elementor-column elementor-col-50 elementor-inner-column elementor-element elementor-element-f2320c3 ot-flex-column-vertical\" data-id=\"f2320c3\" data-element_type=\"column\" data-e-type=\"column\">\n\t\t\t<div class=\"elementor-widget-wrap elementor-element-populated\">\n\t\t\t\t\t\t<div class=\"elementor-element elementor-element-25d45a4 elementor-widget elementor-widget-icounter\" data-id=\"25d45a4\" data-element_type=\"widget\" data-e-type=\"widget\" data-widget_type=\"icounter.default\">\n\t\t\t\t<div class=\"elementor-widget-container\">\n\t\t\t\t\t\t\t\t\t\t    \t<div class=\"icounter ot-counter\">\r\n\t\t        \t<div>\r\n\t\t        \t\t<span class=\"num\" data-to=\"20\" data-time= \"2000\"><\/span>\r\n\t\t        \t\t<span>+<\/span>\r\n\t\t        \t<\/div>\r\n\t\t        \t<h6>A\u00f1os de experiencia<\/h6>      \t\t\t\t        \r\n\t\t\t    <\/div>\r\n\t\t    \t    \t\t\t\t<\/div>\n\t\t\t\t<\/div>\n\t\t\t\t\t<\/div>\n\t\t<\/div>\n\t\t\t\t<div class=\"elementor-column elementor-col-50 elementor-inner-column elementor-element elementor-element-c36cdfc ot-flex-column-vertical\" data-id=\"c36cdfc\" data-element_type=\"column\" data-e-type=\"column\">\n\t\t\t<div class=\"elementor-widget-wrap elementor-element-populated\">\n\t\t\t\t\t\t<div class=\"elementor-element elementor-element-de2796d elementor-widget elementor-widget-icounter\" data-id=\"de2796d\" data-element_type=\"widget\" data-e-type=\"widget\" data-widget_type=\"icounter.default\">\n\t\t\t\t<div class=\"elementor-widget-container\">\n\t\t\t\t\t\t\t\t\t\t    \t<div class=\"icounter ot-counter\">\r\n\t\t        \t<div>\r\n\t\t        \t\t<span class=\"num\" data-to=\"100\" data-time= \"2000\"><\/span>\r\n\t\t        \t\t<span>+<\/span>\r\n\t\t        \t<\/div>\r\n\t\t        \t<h6>Expertos evaluadores<\/h6>      \t\t\t\t        \r\n\t\t\t    <\/div>\r\n\t\t    \t    \t\t\t\t<\/div>\n\t\t\t\t<\/div>\n\t\t\t\t\t<\/div>\n\t\t<\/div>\n\t\t\t\t\t<\/div>\n\t\t<\/section>\n\t\t\t\t\t<\/div>\n\t\t<\/div>\n\t\t\t\t\t<\/div>\n\t\t<\/section>\n\t\t\t\t<section class=\"elementor-section elementor-top-section elementor-element elementor-element-437ac54 ot-traditional elementor-section-boxed elementor-section-height-default elementor-section-height-default\" data-id=\"437ac54\" data-element_type=\"section\" data-e-type=\"section\">\n\t\t\t\t\t\t<div class=\"elementor-container elementor-column-gap-default\">\n\t\t\t\t\t<div class=\"elementor-column elementor-col-50 elementor-top-column elementor-element elementor-element-5ca9499 ot-flex-column-vertical\" data-id=\"5ca9499\" data-element_type=\"column\" data-e-type=\"column\">\n\t\t\t<div class=\"elementor-widget-wrap elementor-element-populated\">\n\t\t\t\t\t\t<div class=\"elementor-element elementor-element-a6044c7 elementor-widget elementor-widget-iheading\" data-id=\"a6044c7\" data-element_type=\"widget\" data-e-type=\"widget\" data-widget_type=\"iheading.default\">\n\t\t\t\t<div class=\"elementor-widget-container\">\n\t\t\t\t\t\t\t<div class=\"ot-heading\">\r\n\t        <h2 class=\"main-heading\">Nuestra propuesta <br>\nde valor<\/h2>\t    <\/div>\r\n\t    \t\t\t\t<\/div>\n\t\t\t\t<\/div>\n\t\t\t\t<div class=\"elementor-element elementor-element-deaa769 elementor-widget elementor-widget-text-editor\" data-id=\"deaa769\" data-element_type=\"widget\" data-e-type=\"widget\" data-widget_type=\"text-editor.default\">\n\t\t\t\t<div class=\"elementor-widget-container\">\n\t\t\t\t\t\t\t\t\t<p>Fomentar la <strong>cultura de la innovaci\u00f3n<\/strong>, a trav\u00e9s del desarrollo e implantaci\u00f3n de modelos y mejores pr\u00e1cticas de <strong>gesti\u00f3n de tecnolog\u00eda e innovaci\u00f3n<\/strong>, potenciando el talento, vinculando y articulando entornos entre <strong>organizaciones<\/strong> y <strong>expertos<\/strong>, para acelerar la creaci\u00f3n de valor econ\u00f3mico y social de las <strong>regiones<\/strong>.<\/p>\t\t\t\t\t\t\t\t<\/div>\n\t\t\t\t<\/div>\n\t\t\t\t<div class=\"elementor-element elementor-element-2e41a73 elementor-mobile-align-center elementor-widget elementor-widget-button\" data-id=\"2e41a73\" data-element_type=\"widget\" data-e-type=\"widget\" data-widget_type=\"button.default\">\n\t\t\t\t<div class=\"elementor-widget-container\">\n\t\t\t\t\t\t\t\t\t<div class=\"elementor-button-wrapper\">\n\t\t\t\t\t<a class=\"elementor-button elementor-button-link elementor-size-sm\" href=\"https:\/\/quriogroup.com\/socios-fundadores\/\">\n\t\t\t\t\t\t<span class=\"elementor-button-content-wrapper\">\n\t\t\t\t\t\t\t\t\t<span class=\"elementor-button-text\">Conoce a los socios fundadores<\/span>\n\t\t\t\t\t<\/span>\n\t\t\t\t\t<\/a>\n\t\t\t\t<\/div>\n\t\t\t\t\t\t\t\t<\/div>\n\t\t\t\t<\/div>\n\t\t\t\t\t<\/div>\n\t\t<\/div>\n\t\t\t\t<div class=\"elementor-column elementor-col-50 elementor-top-column elementor-element elementor-element-45489eb ot-flex-column-vertical\" data-id=\"45489eb\" data-element_type=\"column\" data-e-type=\"column\">\n\t\t\t<div class=\"elementor-widget-wrap elementor-element-populated\">\n\t\t\t\t\t\t<div class=\"elementor-element elementor-element-8f5ad87 elementor-widget elementor-widget-image\" data-id=\"8f5ad87\" data-element_type=\"widget\" data-e-type=\"widget\" data-widget_type=\"image.default\">\n\t\t\t\t<div class=\"elementor-widget-container\">\n\t\t\t\t\t\t\t\t\t\t\t\t\t\t\t<img decoding=\"async\" width=\"750\" height=\"980\" src=\"https:\/\/quriogroup.com\/wp-content\/uploads\/2021\/09\/silueta.jpg\" class=\"attachment-full size-full wp-image-5286\" alt=\"\" srcset=\"https:\/\/quriogroup.com\/wp-content\/uploads\/2021\/09\/silueta.jpg 750w, https:\/\/quriogroup.com\/wp-content\/uploads\/2021\/09\/silueta-230x300.jpg 230w, https:\/\/quriogroup.com\/wp-content\/uploads\/2021\/09\/silueta-720x941.jpg 720w\" sizes=\"(max-width: 750px) 100vw, 750px\" \/>\t\t\t\t\t\t\t\t\t\t\t\t\t\t\t<\/div>\n\t\t\t\t<\/div>\n\t\t\t\t\t<\/div>\n\t\t<\/div>\n\t\t\t\t\t<\/div>\n\t\t<\/section>\n\t\t\t\t<\/div>\n\t\t","protected":false},"excerpt":{"rendered":"<p>\u00bfQui\u00e9nes somos? En Qurio Group somos un equipo de especialistas con m\u00e1s de 20 a\u00f1os de trayectoria decididos a evolucionar la misi\u00f3n del Premio Nacional de Tecnolog\u00eda e Innovaci\u00f3n, mediante [&hellip;]<\/p>\n","protected":false},"author":1,"featured_media":0,"parent":0,"menu_order":0,"comment_status":"closed","ping_status":"closed","template":"","meta":{"_acf_changed":false,"inline_featured_image":false,"_EventAllDay":false,"_EventTimezone":"","_EventStartDate":"","_EventEndDate":"","_EventStartDateUTC":"","_EventEndDateUTC":"","_EventShowMap":false,"_EventShowMapLink":false,"_EventURL":"","_EventCost":"","_EventCostDescription":"","_EventCurrencySymbol":"","_EventCurrencyCode":"","_EventCurrencyPosition":"","_EventDateTimeSeparator":"","_EventTimeRangeSeparator":"","_EventOrganizerID":[],"_EventVenueID":[],"_OrganizerEmail":"","_OrganizerPhone":"","_OrganizerWebsite":"","_VenueAddress":"","_VenueCity":"","_VenueCountry":"","_VenueProvince":"","_VenueState":"","_VenueZip":"","_VenuePhone":"","_VenueURL":"","_VenueStateProvince":"","_VenueLat":"","_VenueLng":"","_VenueShowMap":false,"_VenueShowMapLink":false,"_joinchat":[],"footnotes":""},"class_list":["post-1496","page","type-page","status-publish","hentry"],"acf":[],"_links":{"self":[{"href":"https:\/\/quriogroup.com\/inicio\/wp-json\/wp\/v2\/pages\/1496","targetHints":{"allow":["GET"]}}],"collection":[{"href":"https:\/\/quriogroup.com\/inicio\/wp-json\/wp\/v2\/pages"}],"about":[{"href":"https:\/\/quriogroup.com\/inicio\/wp-json\/wp\/v2\/types\/page"}],"author":[{"embeddable":true,"href":"https:\/\/quriogroup.com\/inicio\/wp-json\/wp\/v2\/users\/1"}],"replies":[{"embeddable":true,"href":"https:\/\/quriogroup.com\/inicio\/wp-json\/wp\/v2\/comments?post=1496"}],"version-history":[{"count":5,"href":"https:\/\/quriogroup.com\/inicio\/wp-json\/wp\/v2\/pages\/1496\/revisions"}],"predecessor-version":[{"id":5815,"href":"https:\/\/quriogroup.com\/inicio\/wp-json\/wp\/v2\/pages\/1496\/revisions\/5815"}],"wp:attachment":[{"href":"https:\/\/quriogroup.com\/inicio\/wp-json\/wp\/v2\/media?parent=1496"}],"curies":[{"name":"wp","href":"https:\/\/api.w.org\/{rel}","templated":true}]}}